{"id":94,"date":"2021-05-14T20:20:22","date_gmt":"2021-05-15T00:20:22","guid":{"rendered":"https:\/\/likakbambini.com\/?post_type=product&#038;p=94"},"modified":"2021-05-14T20:20:22","modified_gmt":"2021-05-15T00:20:22","slug":"impermeables-pour-garcons-de-5-a-12ans","status":"publish","type":"product","link":"https:\/\/likakbambini.com\/index.php\/produit\/impermeables-pour-garcons-de-5-a-12ans\/","title":{"rendered":"Imperm\u00e9ables pour Gar\u00e7ons de 5 \u00e0 12ans"},"content":{"rendered":"","protected":false},"excerpt":{"rendered":"","protected":false},"featured_media":0,"comment_status":"open","ping_status":"closed","template":"","meta":[],"product_cat":[15],"product_tag":[],"_links":{"self":[{"href":"https:\/\/likakbambini.com\/index.php\/wp-json\/wp\/v2\/product\/94"}],"collection":[{"href":"https:\/\/likakbambini.com\/index.php\/wp-json\/wp\/v2\/product"}],"about":[{"href":"https:\/\/likakbambini.com\/index.php\/wp-json\/wp\/v2\/types\/product"}],"replies":[{"embeddable":true,"href":"https:\/\/likakbambini.com\/index.php\/wp-json\/wp\/v2\/comments?post=94"}],"wp:attachment":[{"href":"https:\/\/likakbambini.com\/index.php\/wp-json\/wp\/v2\/media?parent=94"}],"wp:term":[{"taxonomy":"product_cat","embeddable":true,"href":"https:\/\/likakbambini.com\/index.php\/wp-json\/wp\/v2\/product_cat?post=94"},{"taxonomy":"product_tag","embeddable":true,"href":"https:\/\/likakbambini.com\/index.php\/wp-json\/wp\/v2\/product_tag?post=94"}],"curies":[{"name":"wp","href":"https:\/\/api.w.org\/{rel}","templated":true}]}}